{"id":358,"date":"2015-08-12T12:27:19","date_gmt":"2015-08-12T12:27:19","guid":{"rendered":"http:\/\/savoy.nordicmade.com\/?page_id=358"},"modified":"2025-07-17T17:45:19","modified_gmt":"2025-07-17T23:45:19","slug":"nosotras","status":"publish","type":"page","link":"https:\/\/esenciaypresencia.com\/tienda\/nosotras\/","title":{"rendered":"About"},"content":{"rendered":"\t\t<div data-elementor-type=\"wp-page\" data-elementor-id=\"358\" class=\"elementor elementor-358\">\n\t\t\t\t\t\t<section class=\"elementor-section elementor-top-section elementor-element elementor-element-baeed66 elementor-section-boxed elementor-section-height-default elementor-section-height-default\" data-id=\"baeed66\" data-element_type=\"section\">\n\t\t\t\t\t\t<div class=\"elementor-container elementor-column-gap-default\">\n\t\t\t\t\t<div class=\"elementor-column elementor-col-100 elementor-top-column elementor-element elementor-element-acdc30e\" data-id=\"acdc30e\" data-element_type=\"column\">\n\t\t\t<div class=\"elementor-widget-wrap elementor-element-populated\">\n\t\t\t\t\t\t<div class=\"elementor-element elementor-element-8f7f4c8 elementor-widget elementor-widget-nm-banner\" data-id=\"8f7f4c8\" data-element_type=\"widget\" data-widget_type=\"nm-banner.default\">\n\t\t\t\t<div class=\"elementor-widget-container\">\n\t\t\t\t\t\r\n\t\t\t<div class=\"nm-banner content-full image-type-fluid has-alt-image text-color-dark subtitle-below\" style=\"\"><a href=\"\" class=\"nm-banner-link nm-banner-link-full\"><img loading=\"lazy\" decoding=\"async\" src=\"https:\/\/esenciaypresencia.com\/tienda\/wp-content\/uploads\/2025\/07\/bg1.jpg\" width=\"1920\" height=\"1080\" alt=\"bg1\" loading=\"lazy\" \/><img loading=\"lazy\" decoding=\"async\" src=\"https:\/\/esenciaypresencia.com\/tienda\/wp-content\/uploads\/2025\/07\/bg1.jpg\" class=\"nm-banner-alt-image img\" width=\"1920\" height=\"1080\" alt=\"bg1\" loading=\"lazy\" \/><\/a>\r\n\t\t\t<\/div>\t\t\t\t<\/div>\n\t\t\t\t<\/div>\n\t\t\t\t\t<\/div>\n\t\t<\/div>\n\t\t\t\t\t<\/div>\n\t\t<\/section>\n\t\t\t\t<section class=\"elementor-section elementor-top-section elementor-element elementor-element-0cabd80 elementor-section-boxed elementor-section-height-default elementor-section-height-default\" data-id=\"0cabd80\" data-element_type=\"section\">\n\t\t\t\t\t\t<div class=\"elementor-container elementor-column-gap-extended\">\n\t\t\t\t\t<div class=\"elementor-column elementor-col-50 elementor-top-column elementor-element elementor-element-004c2af\" data-id=\"004c2af\" data-element_type=\"column\">\n\t\t\t<div class=\"elementor-widget-wrap elementor-element-populated\">\n\t\t\t\t\t\t<div class=\"elementor-element elementor-element-9eb89a1 elementor-widget elementor-widget-heading\" data-id=\"9eb89a1\" data-element_type=\"widget\" data-widget_type=\"heading.default\">\n\t\t\t\t\t<h4 class=\"elementor-heading-title elementor-size-default\">\u00bfQui\u00e9nes somos?<\/h4>\t\t\t\t<\/div>\n\t\t\t\t\t<\/div>\n\t\t<\/div>\n\t\t\t\t<div class=\"elementor-column elementor-col-50 elementor-top-column elementor-element elementor-element-e968738\" data-id=\"e968738\" data-element_type=\"column\">\n\t\t\t<div class=\"elementor-widget-wrap elementor-element-populated\">\n\t\t\t\t\t\t<div class=\"elementor-element elementor-element-edcf037 elementor-widget elementor-widget-text-editor\" data-id=\"edcf037\" data-element_type=\"widget\" data-widget_type=\"text-editor.default\">\n\t\t\t\t\t\t\t\t\t<p data-start=\"150\" data-end=\"478\"><strong data-start=\"150\" data-end=\"164\">Yudy y Mar<\/strong>, somos dos mujeres comprometidas y conscientes de la necesidad de cambio y transformaci\u00f3n social, motivadas por las vivencias propias y el deseo de compartir temas de inter\u00e9s que aporten de manera genuina a la sociedad en su vida personal, profesional y espiritual; motivo por el cual surge <em data-start=\"456\" data-end=\"477\">Esencia y Presencia<\/em>.<\/p><p data-start=\"480\" data-end=\"856\">La esencia y la presencia, profundamente interconectados en la filosof\u00eda espiritual y la autoexploraci\u00f3n, esa parte innata de nosotros que no est\u00e1 condicionada por la educaci\u00f3n o el aprendizaje, es nuestra naturaleza verdadera, independiente de influencias externas. Es estar plenamente en el momento presente, conscientes de nuestra existencia y conexi\u00f3n con nosotros mismos.<\/p><p data-start=\"858\" data-end=\"1207\">Somos un podcast con estilo miscel\u00e1neo que aborda una variedad de temas, sin enfocarse en un g\u00e9nero espec\u00edfico, donde incluimos debates, entrevistas, entretenimiento, tecnolog\u00eda, ciencia, historias, noticias y m\u00e1s; atrayendo una amplia gama de audiencias y oyentes con intereses diferentes, debido a nuestra diversa naturaleza y contenido ecl\u00e9ctico.<\/p><p data-start=\"1209\" data-end=\"1430\">Generamos un formato flexible, donde trataremos diversos temas con invitados expertos. Puede variar en duraci\u00f3n, tono y estilo, esto con base en la din\u00e1mica, personalidad y experiencias personales de nuestro entrevistado.<br \/><br \/>Nuestro objetivo: conectar con la audiencia, siendo un espacio de preferencia y gusto de oyentes leales y comprometidos con el cambio constante.<\/p>\t\t\t\t\t\t\t\t<\/div>\n\t\t\t\t\t<\/div>\n\t\t<\/div>\n\t\t\t\t\t<\/div>\n\t\t<\/section>\n\t\t\t\t<section class=\"elementor-section elementor-top-section elementor-element elementor-element-d13a73e elementor-section-boxed elementor-section-height-default elementor-section-height-default\" data-id=\"d13a73e\" data-element_type=\"section\">\n\t\t\t\t\t\t<div class=\"elementor-container elementor-column-gap-extended\">\n\t\t\t\t\t<div class=\"elementor-column elementor-col-50 elementor-top-column elementor-element elementor-element-14b7bba\" data-id=\"14b7bba\" data-element_type=\"column\">\n\t\t\t<div class=\"elementor-widget-wrap elementor-element-populated\">\n\t\t\t\t\t\t<div class=\"elementor-element elementor-element-593cec4 elementor-widget elementor-widget-heading\" data-id=\"593cec4\" data-element_type=\"widget\" data-widget_type=\"heading.default\">\n\t\t\t\t\t<h4 class=\"elementor-heading-title elementor-size-default\">Con amor, Yud &amp; Mar<\/h4>\t\t\t\t<\/div>\n\t\t\t\t\t<\/div>\n\t\t<\/div>\n\t\t\t\t<div class=\"elementor-column elementor-col-50 elementor-top-column elementor-element elementor-element-35b68fe\" data-id=\"35b68fe\" data-element_type=\"column\">\n\t\t\t<div class=\"elementor-widget-wrap elementor-element-populated\">\n\t\t\t\t\t\t<div class=\"elementor-element elementor-element-2e8dd15 elementor-widget elementor-widget-nm-team\" data-id=\"2e8dd15\" data-element_type=\"widget\" data-widget_type=\"nm-team.default\">\n\t\t\t\t<div class=\"elementor-widget-container\">\n\t\t\t\t\t\r\n\t\t\t<ul class=\"nm-team small-block-grid-2 medium-block-grid-2 large-block-grid-2\">\r\n\t\t\t\t<li>\r\n\t\t\t\t\t<div class=\"nm-team-member\">\r\n\t\t\t\t\t\t<div class=\"nm-team-member-image default\"><img decoding=\"async\" src=\"https:\/\/esenciaypresencia.com\/tienda\/wp-content\/uploads\/2015\/08\/2-3-e1752795636649.jpg\" alt=\"2-3\" \/>\r\n\t\t\t\t\t\t\t<div class=\"nm-team-member-overlay\"><ul class=\"nm-team-member-social-icons\"><li><a href=\"mailto:mar@esenciaypresencia.com\" target=\"_blank\"><i class=\"nm-font nm-font-envelope\"><\/i><\/a><\/li><\/ul>\r\n\t\t\t\t\t\t\t<\/div>\r\n\t\t\t\t\t\t<\/div>\r\n\t\t\t\t\t\t<div class=\"nm-team-member-content\"><h2>Maritza Viridiana Guti\u00e9rrez Medina<\/h2><h3>Cofundadora Esencia & Presencia<\/h3><div class=\"wpb_text_column\"><\/div>\r\n\t\t\t\t\t\t<\/div>\r\n\t\t\t\t\t<\/div>\r\n\t\t\t\t<\/li>\r\n\t\t\t\t<li>\r\n\t\t\t\t\t<div class=\"nm-team-member\">\r\n\t\t\t\t\t\t<div class=\"nm-team-member-image default\"><img decoding=\"async\" src=\"https:\/\/esenciaypresencia.com\/tienda\/wp-content\/uploads\/2015\/08\/99d68861-11be-445a-a592-8d811a736460-e1752795445118.jpeg\" alt=\"yud-profile\" \/>\r\n\t\t\t\t\t\t\t<div class=\"nm-team-member-overlay\"><ul class=\"nm-team-member-social-icons\"><li><a href=\"mailto:yud@esenciaypresencia.com\" target=\"_blank\"><i class=\"nm-font nm-font-envelope\"><\/i><\/a><\/li><\/ul>\r\n\t\t\t\t\t\t\t<\/div>\r\n\t\t\t\t\t\t<\/div>\r\n\t\t\t\t\t\t<div class=\"nm-team-member-content\"><h2>Ivonne Judith Cervantes Calder\u00f3n<\/h2><h3>Cofundadora Esencia & Presencia<\/h3><div class=\"wpb_text_column\"><\/div>\r\n\t\t\t\t\t\t<\/div>\r\n\t\t\t\t\t<\/div>\r\n\t\t\t\t<\/li>\r\n\t\t\t<\/ul>\t\t\t\t<\/div>\n\t\t\t\t<\/div>\n\t\t\t\t\t<\/div>\n\t\t<\/div>\n\t\t\t\t\t<\/div>\n\t\t<\/section>\n\t\t\t\t<\/div>\n\t\t","protected":false},"excerpt":{"rendered":"<p>\u00bfQui\u00e9nes somos? Yudy y Mar, somos dos mujeres comprometidas y conscientes de la necesidad de cambio y transformaci\u00f3n social, motivadas por las vivencias propias y el deseo de compartir temas de inter\u00e9s que aporten de manera genuina a la sociedad en su vida personal, profesional y espiritual; motivo por el cual surge Esencia y Presencia. &hellip;<\/p>\n","protected":false},"author":1,"featured_media":0,"parent":0,"menu_order":0,"comment_status":"closed","ping_status":"closed","template":"","meta":{"footnotes":""},"class_list":["post-358","page","type-page","status-publish","hentry"],"jetpack_sharing_enabled":true,"_links":{"self":[{"href":"https:\/\/esenciaypresencia.com\/tienda\/wp-json\/wp\/v2\/pages\/358","targetHints":{"allow":["GET"]}}],"collection":[{"href":"https:\/\/esenciaypresencia.com\/tienda\/wp-json\/wp\/v2\/pages"}],"about":[{"href":"https:\/\/esenciaypresencia.com\/tienda\/wp-json\/wp\/v2\/types\/page"}],"author":[{"embeddable":true,"href":"https:\/\/esenciaypresencia.com\/tienda\/wp-json\/wp\/v2\/users\/1"}],"replies":[{"embeddable":true,"href":"https:\/\/esenciaypresencia.com\/tienda\/wp-json\/wp\/v2\/comments?post=358"}],"version-history":[{"count":13,"href":"https:\/\/esenciaypresencia.com\/tienda\/wp-json\/wp\/v2\/pages\/358\/revisions"}],"predecessor-version":[{"id":2498,"href":"https:\/\/esenciaypresencia.com\/tienda\/wp-json\/wp\/v2\/pages\/358\/revisions\/2498"}],"wp:attachment":[{"href":"https:\/\/esenciaypresencia.com\/tienda\/wp-json\/wp\/v2\/media?parent=358"}],"curies":[{"name":"wp","href":"https:\/\/api.w.org\/{rel}","templated":true}]}}